{"id":7595,"date":"2018-02-15T14:46:57","date_gmt":"2018-02-15T13:46:57","guid":{"rendered":"http:\/\/www.traunreuter-stadtblatt.de\/?page_id=7595"},"modified":"2022-03-08T16:47:13","modified_gmt":"2022-03-08T15:47:13","slug":"fotoalbum-2018","status":"publish","type":"page","link":"https:\/\/www.traunreuter-stadtblatt.de\/?page_id=7595","title":{"rendered":"Fotoalbum 2018"},"content":{"rendered":"<p>[et_pb_section fb_built=&#8220;1&#8243; admin_label=&#8220;section&#8220; _builder_version=&#8220;3.22&#8243; background_color=&#8220;#d9d9d9&#8243; transparent_background=&#8220;off&#8220; global_colors_info=&#8220;{}&#8220;][et_pb_row admin_label=&#8220;row&#8220; _builder_version=&#8220;3.25&#8243; background_size=&#8220;initial&#8220; background_position=&#8220;top_left&#8220; background_repeat=&#8220;repeat&#8220; global_colors_info=&#8220;{}&#8220; column_structure=&#8220;1_4,1_4,1_4,1_4&#8243;][et_pb_column type=&#8220;1_4&#8243; _builder_version=&#8220;3.25&#8243; custom_padding=&#8220;|||&#8220; global_colors_info=&#8220;{}&#8220; custom_padding__hover=&#8220;|||&#8220;][et_pb_blurb title=&#8220;11. Februar 2018 &#8211; Traunreuter Faschingszug&#8220; url=&#8220;http:\/\/www.traunreuter-stadtblatt.de\/?project=11-februar-2018-traunreuter-faschingszug&#8220; url_new_window=&#8220;on&#8220; image=&#8220;http:\/\/www.traunreuter-stadtblatt.de\/wp-content\/uploads\/2018\/02\/Faschingszug-Traunreut-2018127.jpg&#8220; admin_label=&#8220;11. Februar 2018 &#8211; Traunreuter Faschingszug&#8220; _builder_version=&#8220;4.13.0&#8243; text_orientation=&#8220;center&#8220; use_border_color=&#8220;off&#8220; global_colors_info=&#8220;{}&#8220;][\/et_pb_blurb][et_pb_blurb title=&#8220;15. April 2018 &#8211; 2. Verkaufsoffener Sonntag&#8220; url=&#8220;http:\/\/www.traunreuter-stadtblatt.de\/?project=15-april-2018-2-verkaufsoffener-sonntag&#8220; url_new_window=&#8220;on&#8220; image=&#8220;http:\/\/www.traunreuter-stadtblatt.de\/wp-content\/uploads\/2018\/07\/VKO_0418_41_2.jpg&#8220; admin_label=&#8220;15. April 2018 &#8211; 2. Verkaufsoffener Sonntag&#8220; _builder_version=&#8220;4.13.0&#8243; text_orientation=&#8220;center&#8220; use_border_color=&#8220;off&#8220; global_colors_info=&#8220;{}&#8220;][\/et_pb_blurb][et_pb_blurb title=&#8220;6. Juli 2018 &#8211; 15. Traunreuter Stadtlauf&#8220; url=&#8220;http:\/\/www.traunreuter-stadtblatt.de\/?project=15-traunreuter-stadtlauf&#8220; url_new_window=&#8220;on&#8220; image=&#8220;http:\/\/www.traunreuter-stadtblatt.de\/wp-content\/uploads\/2018\/07\/TraSta2018_100.jpg&#8220; admin_label=&#8220;6. Juli 2018 &#8211; 15. Traunreuter Stadtlauf&#8220; _builder_version=&#8220;4.13.0&#8243; text_orientation=&#8220;center&#8220; use_border_color=&#8220;off&#8220; global_colors_info=&#8220;{}&#8220;][\/et_pb_blurb][et_pb_blurb title=&#8220;6. Oktober 2018 &#8211; Jubil\u00e4um der St\u00e4dtepartnerschaften&#8220; url=&#8220;http:\/\/www.traunreuter-stadtblatt.de\/?project=6-oktober-2018-jubilaeum-der-staedtepartnerschaften&#8220; url_new_window=&#8220;on&#8220; image=&#8220;http:\/\/www.traunreuter-stadtblatt.de\/wp-content\/uploads\/2018\/10\/Jubil\u00e4um_St\u00e4dtepartner_016-1.jpg&#8220; admin_label=&#8220;6. Oktober 2018 &#8211; Jubil\u00e4um der St\u00e4dtepartnerschaften&#8220; _builder_version=&#8220;4.13.0&#8243; text_orientation=&#8220;center&#8220; use_border_color=&#8220;off&#8220; global_colors_info=&#8220;{}&#8220;][\/et_pb_blurb][\/et_pb_column][et_pb_column type=&#8220;1_4&#8243; _builder_version=&#8220;3.25&#8243; custom_padding=&#8220;|||&#8220; global_colors_info=&#8220;{}&#8220; custom_padding__hover=&#8220;|||&#8220;][et_pb_blurb title=&#8220;4. M\u00e4rz 2018 &#8211; 1. Verkaufsoffener Sonntag&#8220; url=&#8220;http:\/\/www.traunreuter-stadtblatt.de\/?project=04-maerz-2018-1-verkaufsoffener-sonntag&#8220; url_new_window=&#8220;on&#8220; image=&#8220;http:\/\/www.traunreuter-stadtblatt.de\/wp-content\/uploads\/2018\/03\/VKO0318_24.jpg&#8220; admin_label=&#8220;4. M\u00e4rz 2018 &#8211; 1. Verkaufsoffener Sonntag&#8220; _builder_version=&#8220;4.13.0&#8243; text_orientation=&#8220;center&#8220; use_border_color=&#8220;off&#8220; global_colors_info=&#8220;{}&#8220;][\/et_pb_blurb][et_pb_blurb title=&#8220;1. Mai 2018 &#8211; DGB Familienfest&#8220; url=&#8220;http:\/\/www.traunreuter-stadtblatt.de\/?project=1-mai-2018-dgb-familienfest&#8220; url_new_window=&#8220;on&#8220; image=&#8220;http:\/\/www.traunreuter-stadtblatt.de\/wp-content\/uploads\/2018\/05\/Maifest_201801.jpg&#8220; admin_label=&#8220;1. Mai 2018 &#8211; DGB Familienfest&#8220; _builder_version=&#8220;4.13.0&#8243; text_orientation=&#8220;center&#8220; use_border_color=&#8220;off&#8220; global_colors_info=&#8220;{}&#8220;][\/et_pb_blurb][et_pb_blurb title=&#8220;7. Juli 2018 &#8211; 1. Traunreuter Stadtwerke Cup&#8220; url=&#8220;http:\/\/www.traunreuter-stadtblatt.de\/?project=1-traunreuter-stadtwerke-cup&#8220; url_new_window=&#8220;on&#8220; image=&#8220;http:\/\/www.traunreuter-stadtblatt.de\/wp-content\/uploads\/2018\/07\/StadtwerkeCup_2018_112.jpg&#8220; admin_label=&#8220;7. Juli 2018 &#8211; 1. Traunreuter Stadtwerke Cup&#8220; _builder_version=&#8220;4.13.0&#8243; text_orientation=&#8220;center&#8220; use_border_color=&#8220;off&#8220; global_colors_info=&#8220;{}&#8220;][\/et_pb_blurb][et_pb_blurb title=&#8220;12. &#8211; 14. Oktober 2018 &#8211; Familienherbstfest&#8220; url=&#8220;http:\/\/www.traunreuter-stadtblatt.de\/?project=12-14-oktober-2018-familienherbstfest&#8220; url_new_window=&#8220;on&#8220; image=&#8220;http:\/\/www.traunreuter-stadtblatt.de\/wp-content\/uploads\/2018\/10\/FHF_VKOS18__177.jpg&#8220; admin_label=&#8220;12. &#8211; 14. Oktober 2018 &#8211; Familienherbstfest&#8220; _builder_version=&#8220;4.13.0&#8243; text_orientation=&#8220;center&#8220; use_border_color=&#8220;off&#8220; global_colors_info=&#8220;{}&#8220;][\/et_pb_blurb][\/et_pb_column][et_pb_column type=&#8220;1_4&#8243; _builder_version=&#8220;3.25&#8243; custom_padding=&#8220;|||&#8220; global_colors_info=&#8220;{}&#8220; custom_padding__hover=&#8220;|||&#8220;][et_pb_blurb title=&#8220;8. April 2018 &#8211; St. Georgiritt&#8220; url=&#8220;http:\/\/www.traunreuter-stadtblatt.de\/?project=8-april-2018-st-georgiritt&#8220; url_new_window=&#8220;on&#8220; image=&#8220;http:\/\/www.traunreuter-stadtblatt.de\/wp-content\/uploads\/2018\/04\/Georgiritt_0418_019.jpg&#8220; admin_label=&#8220;8. April 2018 &#8211; St. Georgiritt&#8220; _builder_version=&#8220;4.13.0&#8243; text_orientation=&#8220;center&#8220; use_border_color=&#8220;off&#8220; global_colors_info=&#8220;{}&#8220;][\/et_pb_blurb][et_pb_blurb title=&#8220;08. Juni 2018 &#8211; 4. Traunreuter Kulturnacht&#8220; url=&#8220;http:\/\/www.traunreuter-stadtblatt.de\/?project=08-juni-2018-4-traunreuter-kulturnacht&#8220; url_new_window=&#8220;on&#8220; image=&#8220;http:\/\/www.traunreuter-stadtblatt.de\/wp-content\/uploads\/2018\/06\/Kulturnacht_201814.jpg&#8220; admin_label=&#8220;08. Juni 2018 &#8211; 4. Traunreuter Kulturnacht&#8220; _builder_version=&#8220;4.13.0&#8243; text_orientation=&#8220;center&#8220; use_border_color=&#8220;off&#8220; global_colors_info=&#8220;{}&#8220;][\/et_pb_blurb][et_pb_blurb title=&#8220;7. Juli 2018 &#8211; Traunreuter Weinfest&#8220; url=&#8220;http:\/\/www.traunreuter-stadtblatt.de\/?project=traunreuter-weinfest-2018&#8243; url_new_window=&#8220;on&#8220; image=&#8220;http:\/\/www.traunreuter-stadtblatt.de\/wp-content\/uploads\/2018\/07\/Weinfest_2018_11.jpg&#8220; admin_label=&#8220;7. Juli 2018 &#8211; Traunreuter Weinfest&#8220; _builder_version=&#8220;4.13.0&#8243; text_orientation=&#8220;center&#8220; use_border_color=&#8220;off&#8220; global_colors_info=&#8220;{}&#8220;][\/et_pb_blurb][et_pb_blurb title=&#8220;12. &#8211; 14. Oktober 2018 &#8211; 25 Jahre Traunpassage&#8220; url=&#8220;http:\/\/www.traunreuter-stadtblatt.de\/?project=12-14-oktober-2018-25-jahre-traunpassage&#8220; url_new_window=&#8220;on&#8220; image=&#8220;http:\/\/www.traunreuter-stadtblatt.de\/wp-content\/uploads\/2018\/10\/FHF_VKOS18__090.jpg&#8220; admin_label=&#8220;12. &#8211; 14. Oktober 2018 &#8211; 25 Jahre Traunpassage&#8220; _builder_version=&#8220;4.13.0&#8243; text_orientation=&#8220;center&#8220; use_border_color=&#8220;off&#8220; global_colors_info=&#8220;{}&#8220;][\/et_pb_blurb][\/et_pb_column][et_pb_column type=&#8220;1_4&#8243; _builder_version=&#8220;3.25&#8243; custom_padding=&#8220;|||&#8220; global_colors_info=&#8220;{}&#8220; custom_padding__hover=&#8220;|||&#8220;][et_pb_blurb title=&#8220;13. April 2018 &#8211; Kulturpreisverleihung an Heiner Friedrich&#8220; url=&#8220;http:\/\/www.traunreuter-stadtblatt.de\/?project=13-april-2018-kulturpreisverleihung-an-heiner-friedrich&#8220; url_new_window=&#8220;on&#8220; image=&#8220;http:\/\/www.traunreuter-stadtblatt.de\/wp-content\/uploads\/2018\/04\/Kulturpreis_0418_26.jpg&#8220; admin_label=&#8220;13. April 2018 &#8211; Kulturpreisverleihung an Heiner Friedrich&#8220; _builder_version=&#8220;4.13.0&#8243; text_orientation=&#8220;center&#8220; use_border_color=&#8220;off&#8220; use_circle=&#8220;off&#8220; use_circle_border=&#8220;off&#8220; global_colors_info=&#8220;{}&#8220;][\/et_pb_blurb][et_pb_blurb title=&#8220;9. Juni 2018 &#8211; Spritzenhausfest&#8220; url=&#8220;http:\/\/www.traunreuter-stadtblatt.de\/?project=9-juni-2018-spritzenhausfest&#8220; url_new_window=&#8220;on&#8220; image=&#8220;http:\/\/www.traunreuter-stadtblatt.de\/wp-content\/uploads\/2018\/06\/Spritzenhausfest_201847.jpg&#8220; admin_label=&#8220;9. Juni 2018 &#8211; Spritzenhausfest&#8220; _builder_version=&#8220;4.13.0&#8243; text_orientation=&#8220;center&#8220; use_border_color=&#8220;off&#8220; global_colors_info=&#8220;{}&#8220;][\/et_pb_blurb][et_pb_blurb title=&#8220;14. Juli 2018 &#8211; Traunreuter Stadtfest&#8220; url=&#8220;http:\/\/www.traunreuter-stadtblatt.de\/?project=traunreuter-stadtfest-2&#8243; url_new_window=&#8220;on&#8220; image=&#8220;http:\/\/www.traunreuter-stadtblatt.de\/wp-content\/uploads\/2018\/07\/Stadtfest2018_108.jpg&#8220; admin_label=&#8220;14. Juli 2018 &#8211; Traunreuter Stadtfest&#8220; _builder_version=&#8220;4.13.0&#8243; text_orientation=&#8220;center&#8220; use_border_color=&#8220;off&#8220; global_colors_info=&#8220;{}&#8220;][\/et_pb_blurb][et_pb_blurb title=&#8220;30. November 2018 &#8211; Traunreuter Weihnachtsmarkt&#8220; url=&#8220;http:\/\/www.traunreuter-stadtblatt.de\/?project=30-november-2018-traunreuter-weihnachtsmarkt&#8220; url_new_window=&#8220;on&#8220; image=&#8220;http:\/\/www.traunreuter-stadtblatt.de\/wp-content\/uploads\/2018\/12\/TraunreuterWeihnachtm_39.jpg&#8220; admin_label=&#8220;30. November 2018 &#8211; Traunreuter Weihnachtsmarkt&#8220; _builder_version=&#8220;4.13.0&#8243; text_orientation=&#8220;center&#8220; use_border_color=&#8220;off&#8220; global_colors_info=&#8220;{}&#8220;][\/et_pb_blurb][\/et_pb_column][\/et_pb_row][\/et_pb_section]<\/p>\n","protected":false},"excerpt":{"rendered":"","protected":false},"author":1,"featured_media":0,"parent":3820,"menu_order":0,"comment_status":"closed","ping_status":"closed","template":"","meta":{"_et_pb_use_builder":"on","_et_pb_old_content":"","_et_gb_content_width":"","footnotes":""},"class_list":["post-7595","page","type-page","status-publish","hentry"],"_links":{"self":[{"href":"https:\/\/www.traunreuter-stadtblatt.de\/index.php?rest_route=\/wp\/v2\/pages\/7595","targetHints":{"allow":["GET"]}}],"collection":[{"href":"https:\/\/www.traunreuter-stadtblatt.de\/index.php?rest_route=\/wp\/v2\/pages"}],"about":[{"href":"https:\/\/www.traunreuter-stadtblatt.de\/index.php?rest_route=\/wp\/v2\/types\/page"}],"author":[{"embeddable":true,"href":"https:\/\/www.traunreuter-stadtblatt.de\/index.php?rest_route=\/wp\/v2\/users\/1"}],"replies":[{"embeddable":true,"href":"https:\/\/www.traunreuter-stadtblatt.de\/index.php?rest_route=%2Fwp%2Fv2%2Fcomments&post=7595"}],"version-history":[{"count":24,"href":"https:\/\/www.traunreuter-stadtblatt.de\/index.php?rest_route=\/wp\/v2\/pages\/7595\/revisions"}],"predecessor-version":[{"id":16777,"href":"https:\/\/www.traunreuter-stadtblatt.de\/index.php?rest_route=\/wp\/v2\/pages\/7595\/revisions\/16777"}],"up":[{"embeddable":true,"href":"https:\/\/www.traunreuter-stadtblatt.de\/index.php?rest_route=\/wp\/v2\/pages\/3820"}],"wp:attachment":[{"href":"https:\/\/www.traunreuter-stadtblatt.de\/index.php?rest_route=%2Fwp%2Fv2%2Fmedia&parent=7595"}],"curies":[{"name":"wp","href":"https:\/\/api.w.org\/{rel}","templated":true}]}}