{"id":250,"date":"2014-12-09T16:30:23","date_gmt":"2014-12-09T15:30:23","guid":{"rendered":"http:\/\/www.traunreuter-stadtblatt.de\/?page_id=250"},"modified":"2021-02-18T14:35:51","modified_gmt":"2021-02-18T13:35:51","slug":"mitmachen","status":"publish","type":"page","link":"https:\/\/www.traunreuter-stadtblatt.de\/?page_id=250","title":{"rendered":"Redaktion"},"content":{"rendered":"<p>[et_pb_section fb_built=&#8220;1&#8243; admin_label=&#8220;section&#8220; _builder_version=&#8220;3.22&#8243; background_color=&#8220;#d9d9d9&#8243; transparent_background=&#8220;off&#8220;][et_pb_row admin_label=&#8220;row&#8220; _builder_version=&#8220;3.25&#8243; background_size=&#8220;initial&#8220; background_position=&#8220;top_left&#8220; background_repeat=&#8220;repeat&#8220;][et_pb_column type=&#8220;4_4&#8243; _builder_version=&#8220;3.25&#8243; custom_padding=&#8220;|||&#8220; custom_padding__hover=&#8220;|||&#8220;][et_pb_text _builder_version=&#8220;4.6.5&#8243; background_size=&#8220;initial&#8220; background_position=&#8220;top_left&#8220; background_repeat=&#8220;repeat&#8220; vertical_offset_tablet=&#8220;0&#8243; horizontal_offset_tablet=&#8220;0&#8243; z_index_tablet=&#8220;0&#8243; text_text_shadow_horizontal_length_tablet=&#8220;0px&#8220; text_text_shadow_vertical_length_tablet=&#8220;0px&#8220; text_text_shadow_blur_strength_tablet=&#8220;1px&#8220; link_text_shadow_horizontal_length_tablet=&#8220;0px&#8220; link_text_shadow_vertical_length_tablet=&#8220;0px&#8220; link_text_shadow_blur_strength_tablet=&#8220;1px&#8220; ul_text_shadow_horizontal_length_tablet=&#8220;0px&#8220; ul_text_shadow_vertical_length_tablet=&#8220;0px&#8220; ul_text_shadow_blur_strength_tablet=&#8220;1px&#8220; ol_text_shadow_horizontal_length_tablet=&#8220;0px&#8220; ol_text_shadow_vertical_length_tablet=&#8220;0px&#8220; ol_text_shadow_blur_strength_tablet=&#8220;1px&#8220; quote_text_shadow_horizontal_length_tablet=&#8220;0px&#8220; quote_text_shadow_vertical_length_tablet=&#8220;0px&#8220; quote_text_shadow_blur_strength_tablet=&#8220;1px&#8220; header_text_shadow_horizontal_length_tablet=&#8220;0px&#8220; header_text_shadow_vertical_length_tablet=&#8220;0px&#8220; header_text_shadow_blur_strength_tablet=&#8220;1px&#8220; header_2_text_shadow_horizontal_length_tablet=&#8220;0px&#8220; header_2_text_shadow_vertical_length_tablet=&#8220;0px&#8220; header_2_text_shadow_blur_strength_tablet=&#8220;1px&#8220; header_3_text_shadow_horizontal_length_tablet=&#8220;0px&#8220; header_3_text_shadow_vertical_length_tablet=&#8220;0px&#8220; header_3_text_shadow_blur_strength_tablet=&#8220;1px&#8220; header_4_text_shadow_horizontal_length_tablet=&#8220;0px&#8220; header_4_text_shadow_vertical_length_tablet=&#8220;0px&#8220; header_4_text_shadow_blur_strength_tablet=&#8220;1px&#8220; header_5_text_shadow_horizontal_length_tablet=&#8220;0px&#8220; header_5_text_shadow_vertical_length_tablet=&#8220;0px&#8220; header_5_text_shadow_blur_strength_tablet=&#8220;1px&#8220; header_6_text_shadow_horizontal_length_tablet=&#8220;0px&#8220; header_6_text_shadow_vertical_length_tablet=&#8220;0px&#8220; header_6_text_shadow_blur_strength_tablet=&#8220;1px&#8220; box_shadow_horizontal_tablet=&#8220;0px&#8220; box_shadow_vertical_tablet=&#8220;0px&#8220; box_shadow_blur_tablet=&#8220;40px&#8220; box_shadow_spread_tablet=&#8220;0px&#8220;]<\/p>\n<h2 style=\"text-align: justify;\"><span style=\"color: #27509b;\"><strong>Redaktionelle Beitr\u00e4ge<\/strong><\/span><\/h2>\n<p>\u00a0<\/p>\n<p style=\"text-align: justify;\"><strong>Die Ver\u00f6ffentlichungen von Terminen, Veranstaltungen, Ank\u00fcndigungen, R\u00fcckblicken und Projekten ist f\u00fcr Schulen, Kinderg\u00e4rten, Vereine, Kirchen und soziale Einrichtungen (<b>Non-Profit<\/b>) kostenfrei.<\/strong><\/p>\n<p style=\"text-align: justify;\"><strong>Die Zusendung der Unterlagen muss p\u00fcnktlich bis zum angegebenen Abgabetermin erfolgen. Texte werden, wenn n\u00f6tig, redigiert. Bedingt durch die vorgegebene Seitenzahl ist der Platz f\u00fcr redaktionelle Beitr\u00e4ge begrenzt, daher bitten wir um Verst\u00e4ndnis, dass in jeder Ausgabe nur eine bestimmte Anzahl zugesandter Texte ver\u00f6ffentlicht werden k\u00f6nnen.<\/strong><\/p>\n<p>\u00a0<\/p>\n<p style=\"text-align: justify;\"><span style=\"color: #27509b;\"><strong>Ihre Unterlagen:<\/strong><\/span><\/p>\n<p style=\"text-align: justify;\">Zusendung von Text (400 Zeichen inkl. Leerzeichen und Titel) und 1 \u2013 2 Fotos (hochaufl\u00f6send mit 300 DPI, Datei als PDF oder JPG, Nennung des Fotografen) . Bitte keine Logos und Plakate.<\/p>\n<p style=\"text-align: justify;\"><span style=\"color: #27509b;\"><strong>Zusendung der Unterlagen an:<\/strong> <\/span>\u00a0 \u00a0 \u00a0 \u00a0\u00a0 redaktion[at]traunreuter-stadtblatt.de<\/p>\n<p>[\/et_pb_text][\/et_pb_column][\/et_pb_row][et_pb_row column_structure=&#8220;1_2,1_2&#8243; admin_label=&#8220;row&#8220; _builder_version=&#8220;3.25&#8243; background_size=&#8220;initial&#8220; background_position=&#8220;top_left&#8220; background_repeat=&#8220;repeat&#8220; global_module=&#8220;15343&#8243; saved_tabs=&#8220;all&#8220;][et_pb_column type=&#8220;1_2&#8243; _builder_version=&#8220;3.25&#8243; custom_padding=&#8220;|||&#8220; custom_padding__hover=&#8220;|||&#8220;][et_pb_toggle title=&#8220;Ausgabe Februar &#8220; open=&#8220;on&#8220; admin_label=&#8220;Februar&#8220; _builder_version=&#8220;4.7.2&#8243; background_size=&#8220;initial&#8220; background_position=&#8220;top_left&#8220; background_repeat=&#8220;repeat&#8220; use_border_color=&#8220;off&#8220;]<\/p>\n<p>Redaktionsschluss:\u00a0\u00a0\u00a0\u00a0\u00a0\u00a0 22. Januar 2021<\/p>\n<p>Erscheinung:\u00a0\u00a0\u00a0\u00a0\u00a0\u00a0\u00a0\u00a0\u00a0\u00a0\u00a0\u00a0\u00a0\u00a0\u00a0\u00a0\u00a0\u00a0 6. Februar 2021<\/p>\n<p>[\/et_pb_toggle][et_pb_toggle title=&#8220;Ausgabe April &#8220; open=&#8220;on&#8220; admin_label=&#8220;April&#8220; _builder_version=&#8220;4.7.2&#8243; background_size=&#8220;initial&#8220; background_position=&#8220;top_left&#8220; background_repeat=&#8220;repeat&#8220; use_border_color=&#8220;off&#8220;]<\/p>\n<p>Redaktionsschluss:\u00a0\u00a0\u00a0\u00a0\u00a0\u00a0\u00a0 12. M\u00e4rz 2021<\/p>\n<p>Erscheinung:\u00a0\u00a0\u00a0\u00a0\u00a0\u00a0\u00a0\u00a0\u00a0 \u00a0 \u00a0\u00a0 \u00a0\u00a0\u00a0\u00a0 27. M\u00e4rz 2021<\/p>\n<p>[\/et_pb_toggle][et_pb_toggle title=&#8220;Ausgabe Juni &#8220; open=&#8220;on&#8220; admin_label=&#8220;Juni&#8220; _builder_version=&#8220;4.7.2&#8243; background_size=&#8220;initial&#8220; background_position=&#8220;top_left&#8220; background_repeat=&#8220;repeat&#8220; z_index_tablet=&#8220;500&#8243; use_border_color=&#8220;off&#8220;]<\/p>\n<p>Redaktionsschluss:\u00a0\u00a0\u00a0\u00a0\u00a0\u00a0\u00a0 21. Mai 2021<\/p>\n<p>Erscheinung:\u00a0\u00a0\u00a0\u00a0\u00a0\u00a0\u00a0\u00a0 \u00a0 \u00a0 \u00a0\u00a0\u00a0\u00a0\u00a0\u00a0 5. Juni 2021<\/p>\n<p>[\/et_pb_toggle][et_pb_toggle title=&#8220;Ausgabe September &#8220; open=&#8220;on&#8220; admin_label=&#8220;September&#8220; _builder_version=&#8220;4.7.2&#8243; background_size=&#8220;initial&#8220; background_position=&#8220;top_left&#8220; background_repeat=&#8220;repeat&#8220; z_index_tablet=&#8220;500&#8243; use_border_color=&#8220;off&#8220;]<\/p>\n<p>Redaktionsschluss:\u00a0\u00a0\u00a0\u00a0\u00a0\u00a0 20. August 2021<\/p>\n<p>Erscheinung:\u00a0\u00a0\u00a0\u00a0\u00a0 \u00a0\u00a0 \u00a0\u00a0\u00a0\u00a0\u00a0\u00a0\u00a0\u00a0\u00a0 4. September 2021<\/p>\n<p>[\/et_pb_toggle][et_pb_toggle title=&#8220;Ausgabe November &#8220; open=&#8220;on&#8220; admin_label=&#8220;November&#8220; _builder_version=&#8220;4.7.2&#8243; background_size=&#8220;initial&#8220; background_position=&#8220;top_left&#8220; background_repeat=&#8220;repeat&#8220; z_index_tablet=&#8220;500&#8243; use_border_color=&#8220;off&#8220;]<\/p>\n<p>Redaktionsschluss:\u00a0\u00a0\u00a0\u00a0\u00a0\u00a0 15. Oktober 2021<\/p>\n<p>Erscheinung:\u00a0\u00a0\u00a0\u00a0\u00a0\u00a0\u00a0\u00a0 \u00a0\u00a0 \u00a0\u00a0 \u00a0\u00a0\u00a0 30. Oktober 2021<\/p>\n<p>[\/et_pb_toggle][\/et_pb_column][et_pb_column type=&#8220;1_2&#8243; _builder_version=&#8220;3.25&#8243; custom_padding=&#8220;|||&#8220; custom_padding__hover=&#8220;|||&#8220;][et_pb_toggle title=&#8220;Ausgabe M\u00e4rz &#8220; open=&#8220;on&#8220; admin_label=&#8220;M\u00e4rz&#8220; _builder_version=&#8220;4.7.2&#8243; background_size=&#8220;initial&#8220; background_position=&#8220;top_left&#8220; background_repeat=&#8220;repeat&#8220; use_border_color=&#8220;off&#8220;]<\/p>\n<p>Redaktionsschluss:\u00a0\u00a0\u00a0\u00a0\u00a0\u00a0 19. Februar 2021<\/p>\n<p>Erscheinung: \u00a0 \u00a0 \u00a0\u00a0\u00a0\u00a0\u00a0\u00a0\u00a0\u00a0\u00a0\u00a0\u00a0\u00a0\u00a0 6. M\u00e4rz 2021<\/p>\n<p>[\/et_pb_toggle][et_pb_toggle title=&#8220;Ausgabe Mai &#8220; open=&#8220;on&#8220; admin_label=&#8220;Mai&#8220; _builder_version=&#8220;4.7.2&#8243; background_size=&#8220;initial&#8220; background_position=&#8220;top_left&#8220; background_repeat=&#8220;repeat&#8220; z_index_tablet=&#8220;500&#8243; use_border_color=&#8220;off&#8220;]<\/p>\n<p>Redaktionsschluss:\u00a0\u00a0\u00a0\u00a0\u00a0\u00a0 16. April 2021<\/p>\n<p>Erscheinung:\u00a0\u00a0\u00a0\u00a0\u00a0\u00a0\u00a0\u00a0\u00a0\u00a0\u00a0\u00a0 \u00a0 \u00a0\u00a0\u00a0 1. Mai 2021<\/p>\n<p>[\/et_pb_toggle][et_pb_toggle title=&#8220;Ausgabe Juli\/ August &#8220; open=&#8220;on&#8220; admin_label=&#8220;Juli \/ August&#8220; _builder_version=&#8220;4.7.2&#8243; background_size=&#8220;initial&#8220; background_position=&#8220;top_left&#8220; background_repeat=&#8220;repeat&#8220; z_index_tablet=&#8220;500&#8243; use_border_color=&#8220;off&#8220;]<\/p>\n<p>Redaktionsschluss:\u00a0\u00a0\u00a0\u00a0\u00a0\u00a0 18. Juni 2021<\/p>\n<p>Erscheinung:\u00a0\u00a0\u00a0\u00a0\u00a0\u00a0\u00a0 \u00a0 \u00a0 \u00a0 \u00a0\u00a0\u00a0\u00a0 3. Juli 2021<\/p>\n<p>[\/et_pb_toggle][et_pb_toggle title=&#8220;Ausgabe Oktober &#8220; open=&#8220;on&#8220; admin_label=&#8220;Oktober &#8220; _builder_version=&#8220;4.7.2&#8243; background_size=&#8220;initial&#8220; background_position=&#8220;top_left&#8220; background_repeat=&#8220;repeat&#8220; z_index_tablet=&#8220;500&#8243; use_border_color=&#8220;off&#8220;]<\/p>\n<p>Redaktionsschluss:\u00a0\u00a0\u00a0\u00a0\u00a0\u00a0 24. September 2021<\/p>\n<p>Erscheinung:\u00a0\u00a0\u00a0\u00a0\u00a0 \u00a0 \u00a0 \u00a0\u00a0\u00a0\u00a0\u00a0\u00a0\u00a0\u00a0 9. Oktober 2021<\/p>\n<p>[\/et_pb_toggle][et_pb_toggle title=&#8220;Ausgabe Dezember\/ Januar &#8220; open=&#8220;on&#8220; admin_label=&#8220;Dezember\/ Januar&#8220; _builder_version=&#8220;4.7.2&#8243; background_size=&#8220;initial&#8220; background_position=&#8220;top_left&#8220; background_repeat=&#8220;repeat&#8220; z_index_tablet=&#8220;500&#8243; use_border_color=&#8220;off&#8220;]<\/p>\n<p>Redaktionsschluss:\u00a0\u00a0\u00a0\u00a0\u00a0\u00a0 12. November 2021<\/p>\n<p>Erscheinung:\u00a0\u00a0\u00a0\u00a0\u00a0\u00a0\u00a0\u00a0\u00a0\u00a0\u00a0 \u00a0 \u00a0 \u00a0\u00a0 27. November 2021<\/p>\n<p>[\/et_pb_toggle][\/et_pb_column][\/et_pb_row][\/et_pb_section]<\/p>\n","protected":false},"excerpt":{"rendered":"<p>Redaktionelle Beitr\u00e4ge\u00a0Die Ver\u00f6ffentlichungen von Terminen, Veranstaltungen, Ank\u00fcndigungen, R\u00fcckblicken und Projekten ist f\u00fcr Schulen, Kinderg\u00e4rten, Vereine, Kirchen und soziale Einrichtungen (Non-Profit) kostenfrei.Die Zusendung der Unterlagen muss p\u00fcnktlich bis zum angegebenen Abgabetermin erfolgen. Texte werden, wenn n\u00f6tig, redigiert. Bedingt durch die vorgegebene Seitenzahl ist der Platz f\u00fcr redaktionelle Beitr\u00e4ge begrenzt, daher bitten wir um Verst\u00e4ndnis, dass in [&hellip;]<\/p>\n","protected":false},"author":1,"featured_media":0,"parent":0,"menu_order":0,"comment_status":"open","ping_status":"open","template":"","meta":{"_et_pb_use_builder":"on","_et_pb_old_content":"","_et_gb_content_width":"","footnotes":""},"class_list":["post-250","page","type-page","status-publish","hentry"],"_links":{"self":[{"href":"https:\/\/www.traunreuter-stadtblatt.de\/index.php?rest_route=\/wp\/v2\/pages\/250","targetHints":{"allow":["GET"]}}],"collection":[{"href":"https:\/\/www.traunreuter-stadtblatt.de\/index.php?rest_route=\/wp\/v2\/pages"}],"about":[{"href":"https:\/\/www.traunreuter-stadtblatt.de\/index.php?rest_route=\/wp\/v2\/types\/page"}],"author":[{"embeddable":true,"href":"https:\/\/www.traunreuter-stadtblatt.de\/index.php?rest_route=\/wp\/v2\/users\/1"}],"replies":[{"embeddable":true,"href":"https:\/\/www.traunreuter-stadtblatt.de\/index.php?rest_route=%2Fwp%2Fv2%2Fcomments&post=250"}],"version-history":[{"count":40,"href":"https:\/\/www.traunreuter-stadtblatt.de\/index.php?rest_route=\/wp\/v2\/pages\/250\/revisions"}],"predecessor-version":[{"id":15747,"href":"https:\/\/www.traunreuter-stadtblatt.de\/index.php?rest_route=\/wp\/v2\/pages\/250\/revisions\/15747"}],"wp:attachment":[{"href":"https:\/\/www.traunreuter-stadtblatt.de\/index.php?rest_route=%2Fwp%2Fv2%2Fmedia&parent=250"}],"curies":[{"name":"wp","href":"https:\/\/api.w.org\/{rel}","templated":true}]}}