{"id":16663,"date":"2022-03-08T16:04:37","date_gmt":"2022-03-08T15:04:37","guid":{"rendered":"https:\/\/www.traunreuter-stadtblatt.de\/?page_id=16663"},"modified":"2026-01-13T15:01:34","modified_gmt":"2026-01-13T14:01:34","slug":"mediadaten-2","status":"publish","type":"page","link":"https:\/\/www.traunreuter-stadtblatt.de\/?page_id=16663","title":{"rendered":"Mediadaten"},"content":{"rendered":"<p>[et_pb_section fb_built=&#8220;1&#8243; _builder_version=&#8220;4.16&#8243; _module_preset=&#8220;default&#8220; global_colors_info=&#8220;{}&#8220;][et_pb_row column_structure=&#8220;3_4,1_4&#8243; _builder_version=&#8220;4.16&#8243; _module_preset=&#8220;default&#8220; global_colors_info=&#8220;{}&#8220;][et_pb_column type=&#8220;3_4&#8243; _builder_version=&#8220;4.16&#8243; _module_preset=&#8220;default&#8220; global_colors_info=&#8220;{}&#8220;][et_pb_text _builder_version=&#8220;4.16&#8243; _module_preset=&#8220;default&#8220; text_orientation=&#8220;justified&#8220; global_colors_info=&#8220;{}&#8220;]<\/p>\n<h4 style=\"text-align: center;\">Willkommen beim Traunreuter Stadtblatt!<\/h4>\n<h4 style=\"text-align: center;\">Dem kostenfreien Stadtmagazin mit monatlichen Informationen aus dem Traunreuter Stadtgebiet, Palling und\u00a0 Altenmarkt a. d. Alz.<\/h4>\n<p>[\/et_pb_text][\/et_pb_column][et_pb_column type=&#8220;1_4&#8243; _builder_version=&#8220;4.16&#8243; _module_preset=&#8220;default&#8220; global_colors_info=&#8220;{}&#8220;][et_pb_button button_url=&#8220;https:\/\/www.traunreuter-stadtblatt.de\/download\/mediadaten\/Mediadaten_TSB.pdf&#8220; url_new_window=&#8220;on&#8220; button_text=&#8220;Mediadaten herunterladen&#8220; button_alignment=&#8220;center&#8220; admin_label=&#8220;Mediadaten download&#8220; _builder_version=&#8220;4.16&#8243; _module_preset=&#8220;default&#8220; custom_button=&#8220;on&#8220; button_border_color=&#8220;#97bb3a&#8220; global_colors_info=&#8220;{}&#8220;][\/et_pb_button][\/et_pb_column][\/et_pb_row][et_pb_row _builder_version=&#8220;4.16&#8243; _module_preset=&#8220;default&#8220; global_colors_info=&#8220;{}&#8220;][et_pb_column type=&#8220;4_4&#8243; _builder_version=&#8220;4.16&#8243; _module_preset=&#8220;default&#8220; global_colors_info=&#8220;{}&#8220;][et_pb_text admin_label=&#8220;Unser Traunreuter Stadtblatt&#8220; _builder_version=&#8220;4.16&#8243; _module_preset=&#8220;default&#8220; text_orientation=&#8220;justified&#8220; global_colors_info=&#8220;{}&#8220;]<\/p>\n<p>Unser Traunreuter Stadtblatt ist unabh\u00e4ngig, politisch neutral, vielf\u00e4ltig und 32 Seiten stark: mit Themen wie Aktuelles aus der Stadt, Kinderg\u00e4rten, Schulen, Vereinen, Soziale Einrichtungen, Kirchen, Bilderstrecken und der Kooperation mit der ARGE-Werbegemeinschaft sprechen wir ein breites Publikum an. Das Traunreuter Stadtblatt ist eines der bekanntesten Medien der Region, denn \u00fcber 9000 Haushalte erreichen Sie mit keinem anderen Medium, nur mit uns!<\/p>\n<p>[\/et_pb_text][et_pb_text admin_label=&#8220;Tabelle Infos TSB&#8220; _builder_version=&#8220;4.16&#8243; _module_preset=&#8220;default&#8220; text_orientation=&#8220;justified&#8220; global_colors_info=&#8220;{}&#8220;]<\/p>\n<table class=\"alignleft\" style=\"width: 100%; border-collapse: collapse; border-style: none; background-color: #000000; opacity: 0.7; height: 277px;\" cellpadding=\"10\">\n<tbody>\n<tr style=\"height: 24px;\">\n<td style=\"width: 21.0715%; height: 24px;\"><span style=\"color: #ffffff;\">Auflage:<\/span><\/td>\n<td style=\"width: 78.9285%; height: 24px;\"><span style=\"color: #ffffff;\">Gedruckt 10.000 Exemplare, verteilt in \u00fcber 9000 Haushalten und an \u00fcber 40 ausgesuchten Auflagestellen<\/span><\/td>\n<\/tr>\n<tr style=\"height: 24px;\">\n<td style=\"width: 21.0715%; height: 24px;\"><span style=\"color: #ffffff;\">Erscheinung:<\/span><\/td>\n<td style=\"width: 78.9285%; height: 24px;\"><span style=\"color: #ffffff;\">monatlich \u2013 10 Mal im Jahr, zwei Doppelausgaben: Juli\/August und Dezember\/Januar<\/span><\/td>\n<\/tr>\n<tr style=\"height: 24px;\">\n<td style=\"width: 21.0715%; height: 24px;\"><span style=\"color: #ffffff;\">Format:<\/span><\/td>\n<td style=\"width: 78.9285%; height: 24px;\"><span style=\"color: #ffffff;\">Din A4 (B 210 mm x H 297 mm)<\/span><\/td>\n<\/tr>\n<tr style=\"height: 24px;\">\n<td style=\"width: 21.0715%; height: 24px;\"><span style=\"color: #ffffff;\">Farbe:<\/span><\/td>\n<td style=\"width: 78.9285%; height: 24px;\"><span style=\"color: #ffffff;\">vierfarbig \/ 4c \/ CMYK (kein Farbaufschlag)<\/span><\/td>\n<\/tr>\n<tr style=\"height: 48px;\">\n<td style=\"width: 21.0715%; height: 48px;\"><span style=\"color: #ffffff;\">Preise:<\/span><\/td>\n<td style=\"width: 78.9285%; height: 48px;\"><span style=\"color: #ffffff;\">die in den Mediadaten angegebenen Preise beziehen sich auf die gesamte Auflage, stets vierfarbig, ohne Farbaufschlag<\/span><\/td>\n<\/tr>\n<tr style=\"height: 48px;\">\n<td style=\"width: 21.0715%; height: 48px;\"><span style=\"color: #ffffff;\">Online:<\/span><\/td>\n<td style=\"width: 78.9285%; height: 48px;\"><span style=\"color: #ffffff;\">zus\u00e4tzlich zu unserer Druckausgabe kann das TRAUNREUTER STADTBLATT auf <a style=\"color: #ffffff;\" href=\"https:\/\/www.traunreuter-stadtblatt.de\/\">www.traunreuter-stadtblatt.de<\/a> heruntergeladen oder auch online gelesen werden<\/span><\/td>\n<\/tr>\n<tr style=\"height: 48px;\">\n<td style=\"width: 21.0715%; height: 37px;\"><span style=\"color: #ffffff;\">Social Media:<\/span><\/td>\n<td style=\"width: 78.9285%; height: 37px;\"><span style=\"color: #ffffff;\">Facebook Seite mit den meisten Abonnenten aller Medien im Stadtgebiet und n\u00e4herem Umland <\/span><span style=\"color: #ffffff;\"><a style=\"color: #ffffff;\" href=\"https:\/\/www.instagram.com\/traunreuterstadtblatt\/\" target=\"_blank\" rel=\"noopener\">instagram.com\/traunreuterstadtblatt\/<\/a> \u00a0\u00a0<a style=\"color: #ffffff;\" href=\"https:\/\/www.facebook.com\/TraunreuterStadtblatt\/\" target=\"_blank\" rel=\"noopener\">facebook.com\/TraunreuterStadtblatt<\/a><\/span><\/td>\n<\/tr>\n<tr style=\"height: 48px;\">\n<td style=\"width: 21.0715%; height: 48px;\"><span style=\"color: #ffffff;\">Besonderheiten:<\/span><\/td>\n<td style=\"width: 78.9285%; height: 48px;\"><span style=\"color: #ffffff;\">hohe Druckqualit\u00e4t, gl\u00e4nzend \/ \u00fcbersichtlicher, kundenorientierter und gestalterisch anspruchsvoller Aufbau<\/span><\/td>\n<\/tr>\n<\/tbody>\n<\/table>\n<p>&nbsp;<\/p>\n<p>[\/et_pb_text][et_pb_text admin_label=&#8220;Redaktionelle Beitr\u00e4ge&#8220; _builder_version=&#8220;4.16&#8243; _module_preset=&#8220;default&#8220; global_colors_info=&#8220;{}&#8220;]<\/p>\n<h4>Redaktionelle Beitr\u00e4ge<\/h4>\n<p>Die Ver\u00f6ffentlichungen von Terminen, Veranstaltungen, Ank\u00fcndigungen, R\u00fcckblicken und Projekten ist f\u00fcr Schulen, Kinderg\u00e4rten, Vereine, Kirchen und soziale Einrichtungen (Non-Profit) kostenfrei.<\/p>\n<p>Die Zusendung der Unterlagen muss p\u00fcnktlich bis zum angegebenen Abgabetermin erfolgen. Texte werden, wenn n\u00f6tig, redigiert. Bedingt durch die vorgegebene Seitenzahl ist der Platz f\u00fcr redaktionelle Beitr\u00e4ge begrenzt, daher bitten wir um Verst\u00e4ndnis, dass in jeder Ausgabe nur eine bestimmte Anzahl zugesandter Texte ver\u00f6ffentlicht werden k\u00f6nnen.<\/p>\n<h4>Ihre Unterlagen:<\/h4>\n<p>Zusendung von Text (400 Zeichen inkl. Leerzeichen und Titel) und 1 \u2013 2 Fotos (hochaufl\u00f6send mit 300 DPI, separate Datei als PDF oder JPG, Nennung des Fotografen) . Bitte keine Logos und Plakate.<\/p>\n<p><strong>Zusendung der Unterlagen an: redaktion[at]traunreuter-stadtblatt.de<\/strong><\/p>\n<p>[\/et_pb_text][et_pb_text admin_label=&#8220;Tabelle Anz.Schl. + ET&#8220; _builder_version=&#8220;4.27.5&#8243; _module_preset=&#8220;default&#8220; text_orientation=&#8220;center&#8220; hover_enabled=&#8220;0&#8243; global_colors_info=&#8220;{}&#8220; sticky_enabled=&#8220;0&#8243;]<\/p>\n<table style=\"height: 40px; width: 100%; border-collapse: collapse; border-style: none; background-color: #000000; opacity: 0.7;\" cellpadding=\"10\">\n<tbody>\n<tr style=\"height: 40px;\">\n<td style=\"width: 30%; height: 40px;\">\n<h4 style=\"text-align: center;\"><span style=\"color: #ffffff;\">Aus<wbr \/>gabe<\/span><\/h4>\n<\/td>\n<td style=\"width: 35%; height: 40px;\">\n<h4 style=\"text-align: center;\"><span style=\"color: #ffffff;\">An<wbr \/>zeigen<wbr \/>schluss<\/span><\/h4>\n<\/td>\n<td style=\"width: 35%; height: 40px;\">\n<h4 style=\"text-align: center;\"><span style=\"color: #ffffff;\">Er<wbr \/>schei<wbr \/>nung<\/span><\/h4>\n<\/td>\n<\/tr>\n<\/tbody>\n<\/table>\n<table style=\"height: 248px; width: 100%; border-collapse: collapse; border-style: none; background-color: #000000; opacity: 0.7;\" cellpadding=\"10\">\n<tbody>\n<tr style=\"height: 24px;\">\n<td style=\"width: 5.23633%; text-align: left; height: 32px;\"><span style=\"color: #ffffff;\"><strong>\u00a0<\/strong><\/span><\/td>\n<td style=\"width: 24.8153%; height: 32px; text-align: left;\"><span style=\"color: #ffffff;\"><strong>Februar<\/strong><\/span><\/td>\n<td style=\"width: 4.99898%; text-align: left; height: 32px;\"><span style=\"color: #ffffff;\"><strong>\u00a0<\/strong><\/span><\/td>\n<td style=\"width: 35.7212%; height: 32px; text-align: left;\"><span style=\"color: #ffffff;\">16. Januar 2026<\/span><\/td>\n<td style=\"width: 29.228%; height: 32px; text-align: left;\"><span style=\"color: #ffffff;\">31. Januar 2026<\/span><\/td>\n<\/tr>\n<tr style=\"height: 24px;\">\n<td style=\"width: 5.23633%; text-align: left; height: 24px;\"><span style=\"color: #ffffff;\"><strong>\u00a0<\/strong><\/span><\/td>\n<td style=\"width: 24.8153%; height: 24px; text-align: left;\"><span style=\"color: #ffffff;\"><strong>M\u00e4rz<\/strong><\/span><\/td>\n<td style=\"width: 4.99898%; text-align: left; height: 24px;\"><span style=\"color: #ffffff;\"><strong>\u00a0<\/strong><\/span><\/td>\n<td style=\"width: 35.7212%; height: 24px; text-align: left;\"><span style=\"color: #ffffff;\">20. Februar 2026<\/span><\/td>\n<td style=\"width: 29.228%; height: 24px; text-align: left;\"><span style=\"color: #ffffff;\">7. M\u00e4rz 2026<\/span><\/td>\n<\/tr>\n<tr style=\"height: 24px;\">\n<td style=\"width: 5.23633%; text-align: left; height: 24px;\"><span style=\"color: #ffffff;\"><strong>\u00a0<\/strong><\/span><\/td>\n<td style=\"width: 24.8153%; height: 24px; text-align: left;\"><span style=\"color: #ffffff;\"><strong>April<\/strong><\/span><\/td>\n<td style=\"width: 4.99898%; text-align: left; height: 24px;\"><span style=\"color: #ffffff;\"><strong>\u00a0<\/strong><\/span><\/td>\n<td style=\"width: 35.7212%; height: 24px; text-align: left;\"><span style=\"color: #ffffff;\">20. M\u00e4rz 2026<\/span><\/td>\n<td style=\"width: 29.228%; height: 24px; text-align: left;\"><span style=\"color: #ffffff;\">4. April 2026<\/span><\/td>\n<\/tr>\n<tr style=\"height: 24px;\">\n<td style=\"width: 5.23633%; text-align: left; height: 24px;\"><span style=\"color: #ffffff;\"><strong>\u00a0<\/strong><\/span><\/td>\n<td style=\"width: 24.8153%; height: 24px; text-align: left;\"><span style=\"color: #ffffff;\"><strong>Mai<\/strong><\/span><\/td>\n<td style=\"width: 4.99898%; text-align: left; height: 24px;\"><span style=\"color: #ffffff;\"><strong>\u00a0<\/strong><\/span><\/td>\n<td style=\"width: 35.7212%; height: 24px; text-align: left;\"><span style=\"color: #ffffff;\">17. April 2026<\/span><\/td>\n<td style=\"width: 29.228%; height: 24px; text-align: left;\"><span style=\"color: #ffffff;\">2. Mai 2026<\/span><\/td>\n<\/tr>\n<tr style=\"height: 24px;\">\n<td style=\"width: 5.23633%; text-align: left; height: 24px;\"><span style=\"color: #ffffff;\"><strong>\u00a0<\/strong><\/span><\/td>\n<td style=\"width: 24.8153%; height: 24px; text-align: left;\"><span style=\"color: #ffffff;\"><strong>Juni<\/strong><\/span><\/td>\n<td style=\"width: 4.99898%; text-align: left; height: 24px;\"><span style=\"color: #ffffff;\"><strong>\u00a0<\/strong><\/span><\/td>\n<td style=\"width: 35.7212%; height: 24px; text-align: left;\"><span style=\"color: #ffffff;\">15. Mai 2026<\/span><\/td>\n<td style=\"width: 29.228%; height: 24px; text-align: left;\"><span style=\"color: #ffffff;\">30. Mai 2026<\/span><\/td>\n<\/tr>\n<tr style=\"height: 24px;\">\n<td style=\"width: 5.23633%; text-align: left; height: 24px;\"><span style=\"color: #ffffff;\"><strong>\u00a0<\/strong><\/span><\/td>\n<td style=\"width: 24.8153%; height: 24px; text-align: left;\"><span style=\"color: #ffffff;\"><strong>Juli \/ August<\/strong><\/span><\/td>\n<td style=\"width: 4.99898%; text-align: left; height: 24px;\"><span style=\"color: #ffffff;\"><strong>\u00a0<\/strong><\/span><\/td>\n<td style=\"width: 35.7212%; height: 24px; text-align: left;\"><span style=\"color: #ffffff;\">19. Juni 2026<\/span><\/td>\n<td style=\"width: 29.228%; height: 24px; text-align: left;\"><span style=\"color: #ffffff;\">4. Juli 2026<\/span><\/td>\n<\/tr>\n<tr style=\"height: 24px;\">\n<td style=\"width: 5.23633%; text-align: left; height: 24px;\"><span style=\"color: #ffffff;\"><strong>\u00a0<\/strong><\/span><\/td>\n<td style=\"width: 24.8153%; height: 24px; text-align: left;\"><span style=\"color: #ffffff;\"><strong>September<\/strong><\/span><\/td>\n<td style=\"width: 4.99898%; text-align: left; height: 24px;\"><span style=\"color: #ffffff;\"><strong>\u00a0<\/strong><\/span><\/td>\n<td style=\"width: 35.7212%; height: 24px; text-align: left;\"><span style=\"color: #ffffff;\">31. Juli 2026<\/span><\/td>\n<td style=\"width: 29.228%; height: 24px; text-align: left;\"><span style=\"color: #ffffff;\">5. September 2026<\/span><\/td>\n<\/tr>\n<tr style=\"height: 24px;\">\n<td style=\"width: 5.23633%; text-align: left; height: 24px;\"><span style=\"color: #ffffff;\"><strong>\u00a0<\/strong><\/span><\/td>\n<td style=\"width: 24.8153%; height: 24px; text-align: left;\"><span style=\"color: #ffffff;\"><strong>Oktober<\/strong><\/span><\/td>\n<td style=\"width: 4.99898%; text-align: left; height: 24px;\"><span style=\"color: #ffffff;\"><strong>\u00a0<\/strong><\/span><\/td>\n<td style=\"width: 35.7212%; height: 24px; text-align: left;\"><span style=\"color: #ffffff;\">18. September 2026<\/span><\/td>\n<td style=\"width: 29.228%; height: 24px; text-align: left;\"><span style=\"color: #ffffff;\">3. Oktober 2026<\/span><\/td>\n<\/tr>\n<tr style=\"height: 24px;\">\n<td style=\"width: 5.23633%; text-align: left; height: 24px;\"><span style=\"color: #ffffff;\"><strong>\u00a0<\/strong><\/span><\/td>\n<td style=\"width: 24.8153%; height: 24px; text-align: left;\"><span style=\"color: #ffffff;\"><strong>November<\/strong><\/span><\/td>\n<td style=\"width: 4.99898%; text-align: left; height: 24px;\"><span style=\"color: #ffffff;\"><strong>\u00a0<\/strong><\/span><\/td>\n<td style=\"width: 35.7212%; height: 24px; text-align: left;\"><span style=\"color: #ffffff;\">16. Oktober 2026<\/span><\/td>\n<td style=\"width: 29.228%; height: 24px; text-align: left;\"><span style=\"color: #ffffff;\">31. Oktober 2026<\/span><\/td>\n<\/tr>\n<tr style=\"height: 24px;\">\n<td style=\"width: 5.23633%; text-align: left; height: 24px;\"><span style=\"color: #ffffff;\"><strong>\u00a0<\/strong><\/span><\/td>\n<td style=\"width: 24.8153%; height: 24px; text-align: left;\"><span style=\"color: #ffffff;\"><strong>Dezember \/ Januar<\/strong><\/span><\/td>\n<td style=\"width: 4.99898%; text-align: left; height: 24px;\"><span style=\"color: #ffffff;\"><strong>\u00a0<\/strong><\/span><\/td>\n<td style=\"width: 35.7212%; height: 24px; text-align: left;\"><span style=\"color: #ffffff;\">13. November 2026<\/span><\/td>\n<td style=\"width: 29.228%; height: 24px; text-align: left;\"><span style=\"color: #ffffff;\">5. Dezember 2026<\/span><\/td>\n<\/tr>\n<\/tbody>\n<\/table>\n<p>&nbsp;<\/p>\n<p>[\/et_pb_text][\/et_pb_column][\/et_pb_row][\/et_pb_section]<\/p>\n","protected":false},"excerpt":{"rendered":"<p>Willkommen beim Traunreuter Stadtblatt! Dem kostenfreien Stadtmagazin mit monatlichen Informationen aus dem Traunreuter Stadtgebiet, Palling und\u00a0 Altenmarkt a. d. Alz.Unser Traunreuter Stadtblatt ist unabh\u00e4ngig, politisch neutral, vielf\u00e4ltig und 32 Seiten stark: mit Themen wie Aktuelles aus der Stadt, Kinderg\u00e4rten, Schulen, Vereinen, Soziale Einrichtungen, Kirchen, Bilderstrecken und der Kooperation mit der ARGE-Werbegemeinschaft sprechen wir ein breites [&hellip;]<\/p>\n","protected":false},"author":1,"featured_media":0,"parent":0,"menu_order":0,"comment_status":"closed","ping_status":"closed","template":"","meta":{"_et_pb_use_builder":"on","_et_pb_old_content":"","_et_gb_content_width":"","footnotes":""},"class_list":["post-16663","page","type-page","status-publish","hentry"],"_links":{"self":[{"href":"https:\/\/www.traunreuter-stadtblatt.de\/index.php?rest_route=\/wp\/v2\/pages\/16663","targetHints":{"allow":["GET"]}}],"collection":[{"href":"https:\/\/www.traunreuter-stadtblatt.de\/index.php?rest_route=\/wp\/v2\/pages"}],"about":[{"href":"https:\/\/www.traunreuter-stadtblatt.de\/index.php?rest_route=\/wp\/v2\/types\/page"}],"author":[{"embeddable":true,"href":"https:\/\/www.traunreuter-stadtblatt.de\/index.php?rest_route=\/wp\/v2\/users\/1"}],"replies":[{"embeddable":true,"href":"https:\/\/www.traunreuter-stadtblatt.de\/index.php?rest_route=%2Fwp%2Fv2%2Fcomments&post=16663"}],"version-history":[{"count":34,"href":"https:\/\/www.traunreuter-stadtblatt.de\/index.php?rest_route=\/wp\/v2\/pages\/16663\/revisions"}],"predecessor-version":[{"id":28297,"href":"https:\/\/www.traunreuter-stadtblatt.de\/index.php?rest_route=\/wp\/v2\/pages\/16663\/revisions\/28297"}],"wp:attachment":[{"href":"https:\/\/www.traunreuter-stadtblatt.de\/index.php?rest_route=%2Fwp%2Fv2%2Fmedia&parent=16663"}],"curies":[{"name":"wp","href":"https:\/\/api.w.org\/{rel}","templated":true}]}}